{"id":393,"date":"2016-10-05T15:06:09","date_gmt":"2016-10-05T13:06:09","guid":{"rendered":"http:http:\/\/www.wander-touren.com\/www\/?page_id=393"},"modified":"2022-03-27T14:08:12","modified_gmt":"2022-03-27T12:08:12","slug":"impressumdatenschutz","status":"publish","type":"page","link":"https:\/\/www.wander-touren.com\/www\/impressumdatenschutz\/","title":{"rendered":"IMPRESSUM\/DATENSCHUTZ"},"content":{"rendered":"<p>Impressum und Datenschutz:<\/p>\n<p>Angaben gem\u00e4\u00df \u00a7 5 TMG:<br \/>\nideemedia GmbH<br \/>\nKarbachstr. 22<br \/>\n56567 Neuwied<\/p>\n<p>Tel. +49 2631 99 96 0 (Mo-Do: 8-16 Uhr; Fr: 8-14 Uhr)<br \/>\nMail.\u00a0<a href=\"&#109;a&#105;l&#116;o&#x3a;i&#x6e;f&#x6f;&#64;&#x69;d&#x65;e&#x2d;m&#x65;d&#x69;a&#x2e;d&#x65;\"> &#x69;&#x6e;&#102;o&#x40;&#x69;&#100;ee&#x2d;&#x6d;&#101;d&#x69;&#x61;&#46;&#100;e <\/a><\/p>\n<p>Umsatzsteuer-Identifikationsnummer gem\u00e4\u00df \u00a7 27 a Umsatzsteuergesetz:<br \/>\nDE201376227<\/p>\n<p>Vertretungsberechtigte Gesch\u00e4ftsf\u00fchrer:<br \/>\nUwe Sch\u00f6llkopf<\/p>\n<p>Registergericht:<br \/>\nGerichtsstand Neuwied<\/p>\n<p>Registernummer:<br \/>\nHRB 13829<\/p>\n<p>Verantwortlich f\u00fcr den Inhalt nach \u00a7 55 Abs. 2 RStV:<br \/>\nUwe Sch\u00f6llkopf<\/p>\n<p>Webdesign und technische Umsetzung:<br \/>\n<a href=\"http:\/\/www.pacek.de\" target=\"_blank\" rel=\"noopener\">www.pacek.de<\/a><\/p>\n<p>&nbsp;<\/p>\n<p>Haftungsausschluss<\/p>\n<p>1. Inhalt des Onlineangebotes<br \/>\nDer Autor \u00fcbernimmt keinerlei Gew\u00e4hr f\u00fcr die Aktualit\u00e4t, Korrektheit, Vollst\u00e4ndigkeit oder Qualit\u00e4t der bereitgestellten Informationen. Haftungsanspr\u00fcche gegen den Autor, welche sich auf Sch\u00e4den materieller oder ideeller Art beziehen, die durch die Nutzung oder Nichtnutzung der dargebotenen Informationen bzw. durch die Nutzung fehlerhafter und unvollst\u00e4ndiger Informationen verursacht wurden, sind grunds\u00e4tzlich ausgeschlossen, sofern seitens des Autors kein nachweislich vors\u00e4tzliches oder grob fahrl\u00e4ssiges Verschulden vorliegt. Alle Angebote sind freibleibend und unverbindlich. Der Autor beh\u00e4lt es sich ausdr\u00fccklich vor, Teile oder das gesamte Angebot ohne gesonderte Ank\u00fcndigung zu ver\u00e4ndern, zu erg\u00e4nzen, zu l\u00f6schen oder die Ver\u00f6ffentlichung zeitweise oder endg\u00fcltig einzustellen.<\/p>\n<p>2. Verweise und Links<br \/>\nUnser Angebot enth\u00e4lt Links zu externen Webseiten Dritter, auf deren Inhalte wir keinen Einfluss haben. Deshalb k\u00f6nnen wir f\u00fcr diese fremden Inhalte auch keine Gew\u00e4hr \u00fcbernehmen. F\u00fcr die Inhalte der verlinkten Seiten ist stets der jeweilige Anbieter oder Betreiber der Seiten verantwortlich. Die verlinkten Seiten wurden zum Zeitpunkt der Verlinkung auf m\u00f6gliche Rechtsverst\u00f6\u00dfe \u00fcberpr\u00fcft. Rechtswidrige Inhalte waren zum Zeitpunkt der Verlinkung nicht erkennbar. Eine permanente inhaltliche Kontrolle der verlinkten Seiten ist jedoch ohne konkrete Anhaltspunkte einer Rechtsverletzung nicht zumutbar. Bei Bekanntwerden von Rechtsverletzungen werden wir derartige Links nach Pr\u00fcfung entfernen.<\/p>\n<p>3. Urheber- und Kennzeichenrecht<br \/>\nDie durch die Betreiber erstellten Inhalte und Werke der App unterliegen dem deutschen Urheberrecht. Die Vervielf\u00e4ltigung, Bearbeitung, Verbreitung und jede Art der Verwertung au\u00dferhalb der Grenzen des Urheberrechtes bed\u00fcrfen der schriftlichen Zustimmung des jeweiligen Autors bzw. Erstellers, in diesem Fall der ideemedia GmbH, Karbachstr. 22, D-56567 Neuwied. Downloads und Kopien der Angebote sind ausschlie\u00dflich f\u00fcr den privaten, nicht kommerziellen Gebrauch gestattet. Bei Verletzung der Rechte behalten wir uns eine entsprechende Verfolgung vor. Soweit die Inhalte auf dieser Seite nicht vom Betreiber erstellt wurden, werden die Urheberrechte Dritter beachtet. Insbesondere werden Inhalte Dritter als solche gekennzeichnet. Sollten Sie trotzdem auf eine Urheberrechtsverletzung aufmerksam werden, bitten wir um einen entsprechenden Hinweis. Bei Bekanntwerden von Rechtsverletzungen werden wir derartige Inhalte nach Pr\u00fcfung entfernen. Die verwendeten *gpx-Daten wurden sorgf\u00e4ltig zusammengetragen und \u00fcberpr\u00fcft. Wir bitten aber zu beachten, dass sich Streckenl\u00e4ufe und -Angaben ver\u00e4ndern k\u00f6nnen. Trotz aller Sorgfalt k\u00f6nnen sich auch kleine Fehler eingeschlichen haben, Koordinaten vom Weg abweichen oder auf der Kartengrundlage nicht richtig dargestellt werden. Die Daten-Grundlagen ersetzen nicht die eigenverantwortliche Planung. Auch f\u00fcr die Einhaltung aller stra\u00dfenverkehrsrechtlichen und aller anderen gesetzlichen Vorgaben sind die Nutzer allein verantwortlich. Wir \u00fcbernehmen keine Gew\u00e4hr und keine Haftung f\u00fcr die Vollst\u00e4ndigkeit der Angaben, deren dauerhafte Verf\u00fcgbarkeit, deren Aktualit\u00e4t und deren Fehlerfreiheit. Sollten Sie Fehler feststellen, bitten wir um entsprechende Information, damit ggf. Korrekturen vorgenommen werden k\u00f6nnen. Ausgew\u00e4hlte Bonus-Tracks erhalten Sie kostenlos oder k\u00f6nnen sie in Verbindung mit gekennzeichneten Ver\u00f6ffentlichungen ohne Zusatzkosten nutzen. Wir schlie\u00dfen grunds\u00e4tzlich jegliche Haftung (au\u00dfer in F\u00e4llen des groben Vorsatzes) aus. Bei einer leichten Fahrl\u00e4ssigkeit unsererseits haften wir nur, wenn eine Kardinalpflicht verletzt wurde und f\u00fcr voraussehbare typische Sch\u00e4den. Der Urheber ist bestrebt, in allen Publikationen die Urheberrechte der verwendeten Bilder, Grafiken, Texte und Tracks zu beachten, von ihm selbst eingestellte Bilder, Grafiken, Texte und Tracks zu nutzen oder auf lizenzfreie Grafiken, Texte und Tracks zur\u00fcckzugreifen. Alle innerhalb des Angebots genannten und ggf. durch Dritte gesch\u00fctzten Marken- und Warenzeichen unterliegen uneingeschr\u00e4nkt den Bestimmungen des jeweils g\u00fcltigen Kennzeichenrechts und den Besitzrechten der jeweiligen eingetragenen Eigent\u00fcmer. Allein aufgrund der blo\u00dfen Nennung ist nicht der Schluss zu ziehen, dass Markenzeichen nicht durch Rechte Dritter gesch\u00fctzt sind!<br \/>\nDas Copyright f\u00fcr ver\u00f6ffentlichte, vom Autor selbst erstellte Objekte bleibt allein beim Autor\/Urheber der Seiten. Eine Vervielf\u00e4ltigung oder Verwendung solcher Grafiken, Texte und Tracks in anderen elektronischen oder gedruckten Publikationen ist ohne ausdr\u00fcckliche Zustimmung nicht gestattet.<\/p>\n<p>Fotos:<br \/>\nBildnachweise:ideemedia GmbH\/Uwe Sch\u00f6llkopf\/Kai Sch\u00f6llkopf\/Archiv, Andreas Pacek <a href=\"https:\/\/fototour-deutschland.de\" target=\"_blank\" rel=\"noopener\">fototour-deutschland.de<\/a>, Wolfgang Todt, Ulrike Poller, Renate und Olaf Goebel, Hartmut Sch\u00f6nh\u00f6fer, Dominik Ketz f\u00fcr Westerwald Touristik-Service\/TI Montabaur\/Rheinland-Pfalz Tourismus GmbH\/ Ahrtal-Tourismus Bad Neuenahr-Ahrweiler e. V.\/Saar-Obermosel-Touristik, Walter Schmitz, Bonn Information, Loreleytouristik; Marco Steinhauf, Michael Thomas, Andrea Wagner, Dorothea Zerres, Ru\u0308desheim Tourist AG (K.-H. Walter\/Christian Sch\u00fcller), Bilddatenbank RLP, GDKE RLP,iStockphoto, Rhein-Mosel-Eifel-Touristik, RheingauTaunus Information, Romantischer Rhein Tourismus GmbH, R\u00f6merWelt, Siebengebirge Tourismus GmbH, MichaelThomas, , Tourist-Info Remagen, Tourist-Info Wiesbaden\/Horst Goebel,Vulkanpark GmbH, Stefanie Zohm, Ferienland Bernkastel-Kues, Ferienland Treis-Karden\/Edi Reiz\/D. Brachtendorf, Projektbu\u0308ro Traumpfade\/Kappest, Walter Bru\u0308ggemann, Frank Blum,Sabine Hoffmann-Blum, Eva Catalina Blum, Tourist-Info W\u00e4llerLand, TI Hoher Westerwald\/Bianca Weber, Touristik-Verband Wiedtal e.V.\/Florian Fark, Stadtmarketing Herborn GmbH, Gemeinde Greifenstein,Ru\u0308diger Bartz<\/p>\n<p>4. Datenschutz\/Datenschutzerkl\u00e4rung<\/p>\n<p>Die ideemedia GmbH erfasst als Betreiber der Seite wander-touren.com zum Download der GPS-Daten keine Informationen und oder pers\u00f6nlichen Nutzerdaten. Die App \u201e traumtouren\u201c verarbeitet zwar GEO-Daten der User, diese werden allerdings nicht gespeichert. Inwiefern Google und Apple Daten der Nutzer speichern oder verbreiten, liegt au\u00dferhalb des Ermessens der ideemedia GmbH.<\/p>\n<p>wander-touren.com nutzt den Kartenservice von Google Maps sowie Externe Schriftarten von Google und Videos der Plattform YouTube. Weitere Infos zu diesen Diensten finden Sie hier:<\/p>\n<p>&#8211; Externe Schriftarten von Google, LLC.,<a href=\"https:\/\/www.google.com\/fonts\" target=\"_blank\" rel=\"nofollow noopener\">https:\/\/www.google.com\/fonts<\/a> (\u201eGoogle Fonts\u201c). Die Einbindung der Google Fonts erfolgt durch einen Serveraufruf bei Google (in der Regel in den USA). Datenschutzerkl\u00e4rung: <a href=\"https:\/\/policies.google.com\/privacy\" target=\"_blank\" rel=\"nofollow noopener\">https:\/\/policies.google.com\/privacy<\/a>, Opt-Out: <a href=\"https:\/\/adssettings.google.com\/authenticated\" target=\"_blank\" rel=\"nofollow noopener\">https:\/\/adssettings.google.com\/authenticated<\/a>.<\/p>\n<p>&#8211; Landkarten des Dienstes \u201eGoogle Maps\u201c des Drittanbieters Google LLC, 1600 AmphitheatreParkway, Mountain View, CA 94043, USA, gestellt. Datenschutzerkl\u00e4rung: <a href=\"https:\/\/www.google.com\/policies\/privacy\/\" target=\"_blank\" rel=\"nofollow noopener\">https:\/\/www.google.com\/policies\/privacy\/<\/a>, Opt-Out: <a href=\"https:\/\/www.google.com\/settings\/ads\/\" target=\"_blank\" rel=\"nofollow noopener\">https:\/\/www.google.com\/settings\/ads\/<\/a>.<\/p>\n<p>\u2013 Videos der Plattform \u201eYouTube\u201c des Dritt-Anbieters Google Inc., 1600 AmphitheatreParkway, Mountain View, CA 94043, USA. Datenschutzerkl\u00e4rung: <a href=\"https:\/\/www.google.com\/policies\/privacy\/\" target=\"_blank\" rel=\"nofollownoopener noopener\">https:\/\/www.google.com\/policies\/privacy\/<\/a>, Opt-Out: <a href=\"https:\/\/www.google.com\/settings\/ads\/\" target=\"_blank\" rel=\"nofollownoopener noopener\">https:\/\/www.google.com\/settings\/ads\/<\/a>.<\/p>\n<p>Auf den Internetseiten der ideemedia wird Kunden die M\u00f6glichkeit einger\u00e4umt, Aktualisierungen, News und Unternehmensinformationen entsprechend der Nutzungsbedingungen \u00fcber einen Mail-Informationsdienst (Newsletter) zu abonnieren. Welche personenbezogenen Daten bei der Bestellung des Newsletters an den f\u00fcr die Verarbeitung Verantwortlichen \u00fcbermittelt werden, ergibt sich aus der hierzu verwendeten Eingabemaske. Es gen\u00fcgt in der Regel die Angabe der E-Mail-Adresse. Sie werden zur Anmeldung an die Seite von ideemediashop.de weitergeleitet. Unsere umfangreiche Datenschutzerkl\u00e4rung finden Sie <a href=\"https:\/\/ideemediashop.de\/datenschutz\/\" target=\"neu3\" rel=\"noopener\">HIER<\/a>.<\/p>\n<p>5. Rechtswirksamkeit dieses Haftungsausschlusses<br \/>\nDieser Haftungsausschluss ist als Teil des Internetangebotes zu betrachten, von dem aus auf diese Seite verwiesen wurde. Sofern Teile oder einzelne Formulierungen dieses Textes der geltenden Rechtslage nicht, nicht mehr oder nicht vollst\u00e4ndig entsprechen sollten, bleiben die \u00fcbrigen Teile des Dokumentes in ihrem Inhalt und ihrer G\u00fcltigkeit davon unber\u00fchrt.<\/p>\n<p>Keine Abmahnung ohne vorherigen Kontakt<br \/>\nSollte der Inhalt oder die Aufmachung dieser Seiten fremde Rechte Dritter oder gesetzliche Bestimmungen verletzen, so bitten wir um eine entsprechende Nachricht ohne Kostennote. Die Beseitigung einer m\u00f6glicherweise von diesen Seiten ausgehenden Schutzrecht-Verletzung durch Schutzrecht-Inhaber\/Innen selbst darf nicht ohne unsere Zustimmung stattfinden. Wir garantieren, dass die zu Recht beanstandeten Passagen oder Bilder unverz\u00fcglich entfernt werden, ohne dass von Ihrer Seite die Einschaltung eines Rechtsbeistandes erforderlich ist. Wir erstellen unsere Seiten mit gr\u00f6\u00dfter Sorgfalt und w\u00fcrden keinesfalls absichtlich gegen geltendes Recht versto\u00dfen. Im Falle von Abmahnungen gegen geltendes Gesetz bitten wir Sie, zur Vermeidung unn\u00f6tiger Rechtsstreite und Kosten, uns bereits im Vorfeld zu kontaktieren.<\/p>\n","protected":false},"excerpt":{"rendered":"<p>Impressum und Datenschutz: Angaben gem\u00e4\u00df \u00a7 5 TMG: ideemedia GmbH Karbachstr. 22 56567 Neuwied Tel. +49 2631 99 96 0 (Mo-Do: 8-16 Uhr; Fr: 8-14 Uhr) Mail.\u00a0 &#x69;&#x6e;&#x66;&#111;&#64;id&#x65;&#x65;&#x2d;&#109;&#101;di&#x61;&#x2e;&#x64;&#101; Umsatzsteuer-Identifikationsnummer gem\u00e4\u00df \u00a7 27 a Umsatzsteuergesetz: DE201376227 Vertretungsberechtigte Gesch\u00e4ftsf\u00fchrer: Uwe Sch\u00f6llkopf Registergericht: Gerichtsstand Neuwied Registernummer: HRB 13829 Verantwortlich f\u00fcr den Inhalt nach \u00a7 55 Abs. 2 RStV:&hellip;<\/p>\n","protected":false},"author":1,"featured_media":0,"parent":0,"menu_order":0,"comment_status":"closed","ping_status":"closed","template":"","meta":[],"acf":[],"_links":{"self":[{"href":"https:\/\/www.wander-touren.com\/www\/wp-json\/wp\/v2\/pages\/393"}],"collection":[{"href":"https:\/\/www.wander-touren.com\/www\/wp-json\/wp\/v2\/pages"}],"about":[{"href":"https:\/\/www.wander-touren.com\/www\/wp-json\/wp\/v2\/types\/page"}],"author":[{"embeddable":true,"href":"https:\/\/www.wander-touren.com\/www\/wp-json\/wp\/v2\/users\/1"}],"replies":[{"embeddable":true,"href":"https:\/\/www.wander-touren.com\/www\/wp-json\/wp\/v2\/comments?post=393"}],"version-history":[{"count":10,"href":"https:\/\/www.wander-touren.com\/www\/wp-json\/wp\/v2\/pages\/393\/revisions"}],"predecessor-version":[{"id":1110,"href":"https:\/\/www.wander-touren.com\/www\/wp-json\/wp\/v2\/pages\/393\/revisions\/1110"}],"wp:attachment":[{"href":"https:\/\/www.wander-touren.com\/www\/wp-json\/wp\/v2\/media?parent=393"}],"curies":[{"name":"wp","href":"https:\/\/api.w.org\/{rel}","templated":true}]}}