{"id":312,"date":"2016-10-02T21:05:21","date_gmt":"2016-10-02T19:05:21","guid":{"rendered":"http:http:\/\/www.wander-touren.com\/www\/?page_id=312"},"modified":"2024-05-24T09:47:35","modified_gmt":"2024-05-24T07:47:35","slug":"gps-hilfe","status":"publish","type":"page","link":"https:\/\/www.wander-touren.com\/www\/gps-hilfe\/","title":{"rendered":"GPS-HILFE"},"content":{"rendered":"[vc_row][vc_column][vc_column_text]\n<h3>WANDERN &amp; RADFAHREN MIT GPS-ANBINDUNG:<br \/>\nEINFACH HIMMLISCH GEF\u00dcHRT<\/h3>\n<p>Besitzer von GPS-Navigationsger\u00e4ten (Outdoor-Ger\u00e4te oder Smartphones) kommen nie vom Weg ab und wissen immer, wo sie gerade sind: In allen Rad- und Wanderf\u00fchrern des ideemedia-Verlags finden Sie die Rad-, Wander- und Erlebnisrouten f\u00fcr Outdoor-Navigationsger\u00e4te. Die Touren liegen im weit verbreiteten *.gpx-Format vor.<\/p>\n<p>Mit dem kostenlosen Programm BaseCamp von Garmin ist es m\u00f6glich, die Tracks anzusehen, zu bearbeiten und direkt auf Garmin-Ger\u00e4te zu laden. Dieses Programm kann auch ohne die zus\u00e4tzlich zu kaufende Karte eingesetzt werden, bietet dann aber nur eine globale Karte ohne Details. BaseCamp l\u00e4uft zudem auch auf Apple Computern. Alle anderen Hersteller von Outdoor-GPS-Ger\u00e4ten bieten ebenfalls kostenlose Programme an. Allerdings m\u00fcssen Sie meistens auch eine digitale Karte erwerben, um den Track im PC und im Outdoor-Ger\u00e4t auf dieser zu sehen. F\u00fcr PC-Nutzer ist auch die Software MagicMaps Tour Explorer empfehlenswert.<\/p>\n<p>Da sowohl die Wander- als auch Radwege immer wieder Ver\u00e4nderungen unterworfen sind, bieten wir seit vielen Jahren die aktuellsten Daten nur noch im g\u00e4ngigen *.gpx-Format an. Da dieses\u00a0Format heute ebenfalls von den meisten Navigationsger\u00e4ten und Smartphones genutzt\u00a0wird, bieten wir weitere Formate \u00e4lterer Navigationsger\u00e4te nicht mehr an. Sollten Sie jedoch solche Formate bei ihrem Navigationssystem nutzen, k\u00f6nnen Sie die von uns angebotenen Daten ganz einfach mit dem kostenfreien Programm &#8222;RouteConverter&#8220; in das gew\u00fcnschte Format umwandeln. Diesen finden Sie online zum kostenfreien Download. Als Alternative zu den bisher angebotenen PDF-Dateien zum Ausdrucken haben Sie die M\u00f6glichkeit sich die gew\u00fcnschten Touren mithilfe eines sogenannten GPX-Viewers anzeigen zu lassen. Einen solchen Viewer finden Sie von verschiedenen Anbietern auch zum kostenfreien Download im Internet. Noch einfacher k\u00f6nnen Sie sich die Tracks bspw. in GoogleMaps ansehen, wenn Sie sich dort mit Ihrem Google-Account anmelden.<\/p>\n<h3>DIREKT ZUM PREMIUM-TRACK: SO FUNKTIONIERT ES<\/h3>\n<p>Zum Download der Routen ben\u00f6tigen Sie entsprechende Tour-Codes. <strong>Diese finden Sie unter anderem jeweils am Anfang der einzelnen Kapitel (Wanderf\u00fchrer) oder am Ende der Kapitel (Bike-F\u00fchrer).<\/strong> Auf der Internetseite www.wander-touren.com geben Sie den entsprechenden Code ein. Eine gesonderte Anmeldung ist nicht mehr erforderlich. Sie best\u00e4tigen mit der Downloadanfrage, dass Sie im Besitz des entsprechenden Buches (Print oder elektronische Ausgabe) sind. Wenn Sie per Mail \u00fcber Updates informiert werden m\u00f6chten, bestellen Sie bitte den Newsletter \u2013 auch wenn Sie sich bereits fr\u00fcher einmal angemeldet haben.<\/p>\n<h3>GPX-DATEN AUF OUTDOOR-NAVIS LADEN<\/h3>\n<p>Als Buchbesitzer k\u00f6nnen Sie die Daten als Datei im weit verbreiteten *gpx-Format als Einzeltour laden und danach auf Ihrem PC ablegen. Unter einzelnen Codes finden Sie die Daten auch geb\u00fcndelt verpackt als *.zip-Datei, die Sie vor der weiteren Verwendung entpacken m\u00fcssen.<\/p>\n<p>Als N\u00e4chstes m\u00fcssen Sie die gew\u00fcnschte Tour auf Ihr Navigationsger\u00e4t \u00fcbertragen. F\u00fcr die meisten GPS-Outdoor-Ger\u00e4te ziehen Sie einfach den Track von Ihrem Desktop nach Verbinden des GPS-Ger\u00e4ts mit dem Computer in das GPS-Verzeichnis Ihres Outdoor-Ger\u00e4ts, das Sie als Laufwerk auf dem Desktop sehen. Sollte Ihr GPS-Ger\u00e4t ein besonderes Format verlangen, so k\u00f6nnen Sie den Track mit der Software RouteConverter in fast jedes Format konvertieren. RouteConverter ist ein kostenloses GPS-Werkzeug, um Routen, Tracks und Wegpunkte anzuzeigen, zu bearbeiten und zu konvertieren. Es l\u00e4uft sowohl auf PC als auch auf Apple Computern. Zur \u00dcbertragung der Tour-Daten k\u00f6nnen Sie auch die Ihrem Kartenprogramm oder Ihrem Navigationsger\u00e4t beigelegte Software nutzen. Bei Problemen mit der \u00dcbertragung der Daten auf Ihr Navigationssystem wenden Sie sich bitte an Ihren Hersteller oder Lieferanten.<\/p>\n<p><strong>Sollte der von Ihnen verwendete Internet-Browser den Daten-Download blockieren, kontrollieren Sie bitte Ihre Sicherheitseinstellungen und beachten die Angaben des Herstellers.<\/strong><\/p>\n<p><strong>H\u00e4ufig hilft es, den Download in einem neuen Fenster zu starten (in vielen Browsern: rechter Mausklick)\u00a0<\/strong><\/p>\n<h3>GPX F\u00dcR SMARTPHONES\/IPHONES UND TABLETS<\/h3>\n<p>GPS-Daten auf ein Smartphone zu laden, ist inzwischen recht einfach und funktioniert mit mehreren Apps sowohl f\u00fcr iPhones als auch f\u00fcr Android-Ger\u00e4te.Unser Tipp: Laden Sie sich verschiedene Apps auf Ihr Ger\u00e4t, und testen Sie, mit welcher Software Ihr Ger\u00e4t fehlerfrei arbeitet.Laden Sie nun von www.wander-touren.com den *.gpx-Track herunter und \u00f6ffnen ihn mit einem geeigneten Programm. Meist schl\u00e4gt das Betriebssystem eine Auswahl geeigneter Programme vor. Probleme kann es evtl. mit den Karten geben, wenn diese unterwegs \u00fcber das Netz geladen werden m\u00fcssen. Von Netzproblemen abgesehen, kann das &#8211; wenn es keine Datenflatrate gibt &#8211; zu hohen Downloadkosten f\u00fchren.<\/p>\n<p>Einfacher geht es beispielsweise mit der App \u201etraumtouren\u201c, die f\u00fcr \u00e4ltere Smartphone-Versionen als kostenlose Basis-Version \u00fcber Google Play (Android) und App-Store (iOS) vertrieben wird <strong>(aber nicht Bestandteil des Buchkaufes und nicht f\u00fcr alle Software-Versionen verf\u00fcgbar ist)<\/strong>. Mit dieser \u00e4lteren Version k\u00f6nnen Sie via Tour-Code oder \u00fcber das Scannen des QR-Codes aus der App heraus schnell, einfach und bequem die komplette Tour auf Ihr Smartphone oder Tablet \u00fcbertragen. Neben der Wegstrecke erhalten Sie zus\u00e4tzliche Kurzinfos, sehen (bei bestehender Mobilfunk- bzw. Satellitenverbindung) Ihren aktuellen Standort und k\u00f6nnen der vorgeschlagenen Route folgen. Die App ist auf einfache Bedienbarkeit ausgelegt, reduziert auf die wesentlichen Funktionen f\u00fcr unterwegs &#8211; <strong>aber leider nicht f\u00fcr alle Software-Versionen verf\u00fcgbar<\/strong>. Bedenken Sie bitte: Je nach Mobilfunkvertrag k\u00f6nnen f\u00fcr die Nutzung der Verbindung Kosten anfallen. Die App ist nicht Bestandteil des Buchkaufs, die Verf\u00fcgbarkeit ist nicht garantiert. Bitte beachten Sie die gesonderten Nutzungsbedingungen. Eine ausf\u00fchrliche Anleitung zur Bedienung der App finden Sie <strong><a href=\"\/www\/app-hilfe\/\">HIER<\/a>.<\/strong><\/p>\n<h3>SO FUNKTIONIERT ES AUCH MIT KOMOOT<\/h3>\n<p><strong>Leider kommt es ab und an vor, dass manche Programme oder Apps Probleme mit den von uns bereitgestellten meist sehr umfangreichen .gpx-Daten haben. Da wir unsere .gpx-Daten h\u00e4ufig mit zus\u00e4tzlichen Informationen zu Zuwegen, Abwegen und Varianten ausstatten, enthalten unsere Daten h\u00e4ufig mehrere Tracks. Einige Apps und Programme wie bspw. Komoot k\u00f6nnen jedoch nur einen Track pro *.gpx-Datei darstellen. Befinden sich mehrere Tracks in einer Datei wird bei diesen automatisch der erste f\u00fcr die Darstellung ausgew\u00e4hlt und angezeigt. Die anderen Tracks k\u00f6nnen nicht ausgew\u00e4hlt oder angezeigt werden, weshalb manche Touren zu kurz oder unvollst\u00e4ndig erscheinen. Kunden, die eine solche App oder ein solches Programm zur Navigation nutzen, empfehlen wir die *.gpx-Datei mit dem Programm RouteConverter zu \u00f6ffnen. Dieses Programm gibt es (auch f\u00fcr Mac) zum kostenfreien Download im Internet. Hier werden Ihnen nun alle Tracks angezeigt, die in der heruntergeladenen *.gpx-Datei enthalten sind. \u00dcber dieses Programm k\u00f6nnen Sie die Tracks nun bearbeiten, separieren und sogar auch in anderen gew\u00fcnschten Formaten abspeichern. So k\u00f6nnen Sie die gew\u00fcnschte Route von den anderen isolieren und abspeichern und schlie\u00dflich auch mit Programmen und Apps \u00f6ffnen, die zuvor den gew\u00fcnschten Track nicht anzeigen konnten.<\/strong><\/p>\n<p>Die *gpx-Daten k\u00f6nnen inzwischen auch direkt auf viele Smartphones und Tablets geladen werden. <strong>Am Beispiel von Komoot zeigen wir hier Schritt f\u00fcr Schritt, wie es geht:<\/strong><\/p>\n<p>1. Tourcode auf \u201ewww.wander-touren.com\u201c eingeben und den *.gpx-Track downloaden.<br \/>\nDer Code befindet sich am Anfang oder Ende des jeweiligen Kapitels. Bitte beachten: Erst den Downloadcode eingeben, dann den Button <strong>&#8222;Tour laden&#8220;<\/strong> dr\u00fccken und mit dem Button <strong>&#8222;Datei downloaden&#8220; best\u00e4tigen<\/strong>. Achtung: Bei hohen Sicherheitseinstellungen verweigern einige Browser einen Dateidownload. In diesem Fall hilft es meist, den Download in einem neuen Fenster zu starten. Noch ein Tipp: Auf kleineren Smartphone-Bildschirmen wird unter Umst\u00e4nden der Best\u00e4tigungsbutton &#8222;Datei downloaden&#8220; nicht auf den ersten Blick angezeigt. In diesem Fall einfach weiter nach unten scrollen.<\/p>\n<figure id=\"attachment_1170\" aria-describedby=\"caption-attachment-1170\" style=\"width: 300px\" class=\"wp-caption alignnone\"><img loading=\"lazy\" class=\"size-medium wp-image-1170\" src=\"http:\/\/www.wander-touren.com\/www\/wp-content\/uploads\/2023\/07\/Kommot1-300x155.png\" alt=\"\" width=\"300\" height=\"155\" srcset=\"https:\/\/www.wander-touren.com\/www\/wp-content\/uploads\/2023\/07\/Kommot1-300x155.png 300w, https:\/\/www.wander-touren.com\/www\/wp-content\/uploads\/2023\/07\/Kommot1-768x397.png 768w, https:\/\/www.wander-touren.com\/www\/wp-content\/uploads\/2023\/07\/Kommot1.png 924w\" sizes=\"(max-width: 300px) 100vw, 300px\" \/><figcaption id=\"caption-attachment-1170\" class=\"wp-caption-text\">Schritt 1<\/figcaption><\/figure>\n<p>2. Die Datei \u00f6ffen. Diese befindet sich meist im Downloadordner. Durch tippen auf<br \/>\nden Pfeil dorthin navigieren. Aternativ \u00fcber das lokale Datenverwaltundssystem<br \/>\n(bei iphones die Apple eigene &#8222;App Dateien&#8220;) die Downloads \u00f6ffnen. Anschlie\u00dfend<br \/>\ndurch langes Dr\u00fccken auf das Icon die Option &#8222;Teilen&#8220; ausw\u00e4hlen.<\/p>\n<figure id=\"attachment_1171\" aria-describedby=\"caption-attachment-1171\" style=\"width: 300px\" class=\"wp-caption alignnone\"><img loading=\"lazy\" class=\"size-medium wp-image-1171\" src=\"http:\/\/www.wander-touren.com\/www\/wp-content\/uploads\/2023\/07\/Komoot2-300x159.png\" alt=\"\" width=\"300\" height=\"159\" srcset=\"https:\/\/www.wander-touren.com\/www\/wp-content\/uploads\/2023\/07\/Komoot2-300x159.png 300w, https:\/\/www.wander-touren.com\/www\/wp-content\/uploads\/2023\/07\/Komoot2-768x407.png 768w, https:\/\/www.wander-touren.com\/www\/wp-content\/uploads\/2023\/07\/Komoot2.png 944w\" sizes=\"(max-width: 300px) 100vw, 300px\" \/><figcaption id=\"caption-attachment-1171\" class=\"wp-caption-text\">Schritt 2<\/figcaption><\/figure>\n<p>3. In der gew\u00fcnschten App &#8211; beispielsweise Komoot &#8211; \u00f6ffnen. Neben den M\u00f6glichkeiten via Mail oder Nachricht findet man weiter rechts (\u00fcber die Symbole wischen) kompatible<br \/>\nApps. Durch Tippen auf das Symbol \u00f6ffnet sich beispielsweise \u201eKomoot\u201c automatisch und<br \/>\nbeginnt mit dem Import der Daten.<\/p>\n<figure id=\"attachment_1172\" aria-describedby=\"caption-attachment-1172\" style=\"width: 300px\" class=\"wp-caption alignnone\"><img loading=\"lazy\" class=\"size-medium wp-image-1172\" src=\"http:\/\/www.wander-touren.com\/www\/wp-content\/uploads\/2023\/07\/Komoot3-300x158.png\" alt=\"\" width=\"300\" height=\"158\" srcset=\"https:\/\/www.wander-touren.com\/www\/wp-content\/uploads\/2023\/07\/Komoot3-300x158.png 300w, https:\/\/www.wander-touren.com\/www\/wp-content\/uploads\/2023\/07\/Komoot3-768x404.png 768w, https:\/\/www.wander-touren.com\/www\/wp-content\/uploads\/2023\/07\/Komoot3.png 974w\" sizes=\"(max-width: 300px) 100vw, 300px\" \/><figcaption id=\"caption-attachment-1172\" class=\"wp-caption-text\">Schritt 3<\/figcaption><\/figure>\n<p>4. Da unsere Daten viele zus\u00e4tzliche Punkte und Abstecher enthalten, muss auf die<br \/>\nkorrekte Darstellung geachtet werden. \u201eKomoot\u201c gibt anschlie\u00dfend die<br \/>\nOption, den Track an bekannte Wege anzupassen. Da unsere Daten vom Autor<br \/>\nerfasst und laufend aktualisiert werden, empfehlen wir dringend den Original-Verlauf beizubehalten, da wir keinerlei Einflu\u00df auf frei hochgeladene Daten haben.<\/p>\n<h3>ALLGEMEINE HINWEISE<\/h3>\n<p>Alle Daten wurden auf Fehlerfreiheit gepr\u00fcft und werden bei \u00c4nderungen der Wegf\u00fchrung nach Verf\u00fcgbarkeit aktualisiert. ideemedia \u00fcbernimmt keine Haftung f\u00fcr m\u00f6gliche Abweichungen, Vollst\u00e4ndigkeit, Verf\u00fcgbarkeit und Einsatz auf allen Navigations-Modellen. Sollte ein Ger\u00e4t das Laden von GPS-Daten nicht erm\u00f6glichen, so wenden Sie sich in diesem Fall bitte an den Hersteller. Die Nutzung der Tour-Downloads ist nur Buchbesitzern zur privaten Verwendung gestattet, eine Weitergabe an Dritte sowie das Vervielf\u00e4ltigen auf Datentr\u00e4gern jeder Art ist untersagt. Kommerzielle Nutzung ist nur nach schriftlicher Vereinbarung mit ideemedia gestattet. Idee, Konzeption und Daten sind urheberrechtlich gesch\u00fctzt. Die Daten enthalten einen Sicherheitscode. Eine Vervielf\u00e4ltigung zur Verteilung oder Verlinkung ist strikt untersagt und kann bei Missbrauch zu Schadenersatzforderungen f\u00fchren.<\/p>\n<h3>PREMIUM-GPS: WAS IST DAS?<\/h3>\n<p>Im Gegensatz zu vielen anderen Anbietern im Print- und Online- Bereich greifen wir nicht auf die Standard-Daten von kostenlosen Internetportalen, privaten oder \u00f6ffentlichen Anbietern zur\u00fcck, sondern ermitteln die Daten vor Ort und aktualisieren diese im Regelfall, wenn uns gravierende \u00c4nderungen bekannt werden. Die Arbeit ist aufwendig und kostenintensiv &#8211; und daher bitten wir um Verst\u00e4ndnis, dass wir diese aufbereiteten Daten in vollem Umfang nur unseren Kunden zur Verf\u00fcgung stellen.<\/p>\n<h3>GPS-DATEN VERARBEITEN: NICHT OHNE \u00dcBUNG<\/h3>\n<p>Trotz enormer Fortschritte in der Ger\u00e4tebedienung ist es f\u00fcr Laien immer noch nicht v\u00f6llig unkompliziert, die Daten auch richtig nutzen zu k\u00f6nnen. Da es sich bei den *.gpx-Daten um ein kostenfreies Zusatzangebot zu unseren Printprodukten handelt, k\u00f6nnen wir keine Unterst\u00fctzung f\u00fcr GPS-Ger\u00e4te, GPS-Software, Smartphones, Tablets, Apps oder Kartengrundlagen leisten. Bitte wenden Sie sich dazu an Ihren Hersteller oder Lieferanten und arbeiten Sie sich gr\u00fcndlich in die M\u00f6glichkeiten der GPS-Nutzung ein. Verlassen Sie sich auch bei Ihren Touren nicht ausschlie\u00dflich auf Ihr GPS-Ger\u00e4t, \u00a0Empfangsprobleme in engen Schluchten oder hohen W\u00e4ldern, Batterie- oder Softwareprobleme sind nicht unbekannt. Wir empfehlen aus Erfahrung die zus\u00e4tzliche Mitnahme von Buch und Karten.<\/p>\n<h3><strong>ROUTEN ALS KARTEN AUSDRUCKEN<br \/>\n<\/strong><\/h3>\n<p>Bei l\u00e4ngeren Strecken ist eine Kartendarstellung mit detailliertem Ma\u00dfstab im besonders beliebten Pocket-Buchformat leider nicht m\u00f6glich. Die \u00fcbersichtlichen und aufger\u00e4umten Karten in den B\u00fcchern dienen vor allem der kompletten Streckendarstellung mit den wichtigsten Stationen. Sie erleichtern eine erste Orientierung, die durch die detaillierte Beschreibung erg\u00e4nzt wird.<\/p>\n<p>Zur Karten-Darstellung und zum Ausdrucken via PC steht der Download der *gpx-Daten zur Verf\u00fcgung. Mit wenig Aufwand und vielen online angebotenen Programmen (sogenannten \u201e*gpx-Viewern\u201c) k\u00f6nnen damit (u.a. auch \u00fcber Google Maps oder Open Street Map) Kartendarstellungen bequem und einfach im gew\u00fcnschten Format ausgedruckt werden. Laden Sie dazu die entsprechende *gpx-Datei, speichern diese auf Ihrem Computer ab, \u00f6ffnen sie mit dem ausgew\u00e4hlten Programm und drucken sie aus.<\/p>\n<p>Die in der gedruckten \u00dcbersichts-Karte und im Buch-Text herausgestellten P-Punkte (Point of Interest) sind nicht als Beschilderung zu verstehen, sondern bezeichnen besondere Streckenpunkte topografischer Art, erleichtern die Orientierung bei Abzweigungen oder bezeichnen Sehensw\u00fcrdigkeiten, bei denen sich ein Halt lohnt.<\/p>\n[\/vc_column_text][\/vc_column][\/vc_row]\n","protected":false},"excerpt":{"rendered":"<p>[vc_row][vc_column][vc_column_text] WANDERN &amp; RADFAHREN MIT GPS-ANBINDUNG: EINFACH HIMMLISCH GEF\u00dcHRT Besitzer von GPS-Navigationsger\u00e4ten (Outdoor-Ger\u00e4te oder Smartphones) kommen nie vom Weg ab und wissen immer, wo sie gerade sind: In allen Rad- und Wanderf\u00fchrern des ideemedia-Verlags finden Sie die Rad-, Wander- und Erlebnisrouten f\u00fcr Outdoor-Navigationsger\u00e4te. Die Touren liegen im weit verbreiteten *.gpx-Format vor. Mit dem kostenlosen Programm&hellip;<\/p>\n","protected":false},"author":1,"featured_media":0,"parent":0,"menu_order":0,"comment_status":"closed","ping_status":"closed","template":"","meta":[],"acf":[],"_links":{"self":[{"href":"https:\/\/www.wander-touren.com\/www\/wp-json\/wp\/v2\/pages\/312"}],"collection":[{"href":"https:\/\/www.wander-touren.com\/www\/wp-json\/wp\/v2\/pages"}],"about":[{"href":"https:\/\/www.wander-touren.com\/www\/wp-json\/wp\/v2\/types\/page"}],"author":[{"embeddable":true,"href":"https:\/\/www.wander-touren.com\/www\/wp-json\/wp\/v2\/users\/1"}],"replies":[{"embeddable":true,"href":"https:\/\/www.wander-touren.com\/www\/wp-json\/wp\/v2\/comments?post=312"}],"version-history":[{"count":16,"href":"https:\/\/www.wander-touren.com\/www\/wp-json\/wp\/v2\/pages\/312\/revisions"}],"predecessor-version":[{"id":1178,"href":"https:\/\/www.wander-touren.com\/www\/wp-json\/wp\/v2\/pages\/312\/revisions\/1178"}],"wp:attachment":[{"href":"https:\/\/www.wander-touren.com\/www\/wp-json\/wp\/v2\/media?parent=312"}],"curies":[{"name":"wp","href":"https:\/\/api.w.org\/{rel}","templated":true}]}}