{"id":2,"date":"2016-09-23T16:17:41","date_gmt":"2016-09-23T14:17:41","guid":{"rendered":"http:http:\/\/www.wander-touren.com\/www\/?page_id=2"},"modified":"2016-10-17T18:24:38","modified_gmt":"2016-10-17T16:24:38","slug":"ueberuns","status":"publish","type":"page","link":"https:\/\/www.wander-touren.com\/www\/ueberuns\/","title":{"rendered":"WIR \u00dcBER UNS"},"content":{"rendered":"[vc_row][vc_column][vc_column_text]\n<h3>Wir machen es einfach.<\/h3>\n<p><strong>ideemedia<\/strong> geh\u00f6rt mit den Buchserien \u201eEin sch\u00f6ner Tag\u201c, \u201eSch\u00f6neres Wandern&#8220; und \u201etraumtouren\u201c zu den erfolgreichsten Anbietern von regionalen Freizeit-, Rad- und Wanderf\u00fchrern auf dem deutschen Markt. Hochwertige Bildb\u00e4nde und Reiseliteratur erweitern seit einigen Jahren das Sortiment. Viele B\u00fccher von ideemedia f\u00fchren die Bestenlisten an und verbinden hohen Qualit\u00e4tsanspruch mit besonders einfacher und \u00fcbersichtlicher Benutzerf\u00fchrung.<\/p>\n<p><strong>ideemedia<\/strong> erg\u00e4nzt seit 2016 das Angebot mit neuen digitalen Formaten. Die App \u201etraumtouren\u201c macht es simpel, die beschriebenen Routen mit wenigen Eingaben direkt auf Smartphones und Tablets zu \u00fcbertragen. Lesen, laden, losgehen \u2013 ein sch\u00f6ner Tag soll einfach beginnen.<\/p>\n<p><strong>ideemedia<\/strong> hat mit Dr. Ulrike Poller und Dr. Wolfgang Todt zwei der erfolgreichsten und kompetentesten Wanderbuchautoren Deutschlands im Team. Mehr als 100 000 Wanderer vertrauen inzwischen den Routenvorschl\u00e4gen des Autorenduos aus mehr als 30 Wanderf\u00fchrern.<\/p>\n<p><strong>ideemedia<\/strong> arbeitet mit einem kreativen Team aus\u00a0 mehr als 20 versierten Autoren, Redakteuren, Fotografen, Mediengestaltern und Programmierern. Von der ersten Idee bis zum fertigen Produkt kommt alles aus einer Hand.<\/p>\n<p><strong>ideemedia <\/strong>entwickelt im Auftrag von Kommunen, Unternehmen und Tourismusverb\u00e4nden redaktionelle Konzepte und produziert druckfertig Texte, Fotos und komplette Beilagen f\u00fcr Tageszeitungen und Zeitschriften in Europa.<\/p>\n<p><strong>ideemedia <\/strong>liefert hochwertigen und individuellen Text- &amp; Foto-Content f\u00fcr Internetseiten und Online-Magazine.<\/p>\n<p><strong>ideemedia<\/strong> ber\u00e4t Unternehmen und Verb\u00e4nde bei der Konzeption und Gestaltung von Beilagen, B\u00fcchern, Chroniken und Mitarbeiter- oder Kundenzeitschriften.\u2028\u00a0\u2028<strong>ideemedia <\/strong>macht F\u00fchrungskr\u00e4fte im Rahmen exklusiver Presseseminare und Workshops fit im Umgang mit den Medien von Heute.<\/p>\n<p><strong>ideemedia<\/strong> kooperiert mit den Schwesterunternehmen ideecom und ideenews, die sich auf Pressearbeit und die Herstellung, Herausgabe und den Vertrieb von Magazinen spezialisiert haben.<\/p>\n<p><a href=\"http:\/\/www.wander-touren.com\/www\/ueberuns\/lq_collage\/\"><img loading=\"lazy\" class=\"alignnone wp-image-542 size-large\" src=\"http:\/\/www.wander-touren.com\/www\/wp-content\/uploads\/2016\/09\/LQ_Collage-1024x526.jpg\" alt=\"Wanderb\u00fccher\" width=\"980\" height=\"503\" srcset=\"https:\/\/www.wander-touren.com\/www\/wp-content\/uploads\/2016\/09\/LQ_Collage-1024x526.jpg 1024w, https:\/\/www.wander-touren.com\/www\/wp-content\/uploads\/2016\/09\/LQ_Collage-300x154.jpg 300w, https:\/\/www.wander-touren.com\/www\/wp-content\/uploads\/2016\/09\/LQ_Collage-768x395.jpg 768w, https:\/\/www.wander-touren.com\/www\/wp-content\/uploads\/2016\/09\/LQ_Collage.jpg 1508w\" sizes=\"(max-width: 980px) 100vw, 980px\" \/><\/a>[\/vc_column_text][\/vc_column][\/vc_row]\n","protected":false},"excerpt":{"rendered":"<p>[vc_row][vc_column][vc_column_text] Wir machen es einfach. ideemedia geh\u00f6rt mit den Buchserien \u201eEin sch\u00f6ner Tag\u201c, \u201eSch\u00f6neres Wandern&#8220; und \u201etraumtouren\u201c zu den erfolgreichsten Anbietern von regionalen Freizeit-, Rad- und Wanderf\u00fchrern auf dem deutschen Markt. Hochwertige Bildb\u00e4nde und Reiseliteratur erweitern seit einigen Jahren das Sortiment. Viele B\u00fccher von ideemedia f\u00fchren die Bestenlisten an und verbinden hohen Qualit\u00e4tsanspruch mit besonders&hellip;<\/p>\n","protected":false},"author":1,"featured_media":0,"parent":0,"menu_order":0,"comment_status":"closed","ping_status":"open","template":"","meta":[],"acf":[],"_links":{"self":[{"href":"https:\/\/www.wander-touren.com\/www\/wp-json\/wp\/v2\/pages\/2"}],"collection":[{"href":"https:\/\/www.wander-touren.com\/www\/wp-json\/wp\/v2\/pages"}],"about":[{"href":"https:\/\/www.wander-touren.com\/www\/wp-json\/wp\/v2\/types\/page"}],"author":[{"embeddable":true,"href":"https:\/\/www.wander-touren.com\/www\/wp-json\/wp\/v2\/users\/1"}],"replies":[{"embeddable":true,"href":"https:\/\/www.wander-touren.com\/www\/wp-json\/wp\/v2\/comments?post=2"}],"version-history":[{"count":20,"href":"https:\/\/www.wander-touren.com\/www\/wp-json\/wp\/v2\/pages\/2\/revisions"}],"predecessor-version":[{"id":545,"href":"https:\/\/www.wander-touren.com\/www\/wp-json\/wp\/v2\/pages\/2\/revisions\/545"}],"wp:attachment":[{"href":"https:\/\/www.wander-touren.com\/www\/wp-json\/wp\/v2\/media?parent=2"}],"curies":[{"name":"wp","href":"https:\/\/api.w.org\/{rel}","templated":true}]}}